{"id":86,"date":"2015-06-17T19:30:42","date_gmt":"2015-06-17T19:30:42","guid":{"rendered":"http:\/\/cms.dpsk12.org\/schools\/sandoval\/?page_id=86"},"modified":"2017-10-17T19:13:05","modified_gmt":"2017-10-17T19:13:05","slug":"what-is-dual-language","status":"publish","type":"page","link":"https:\/\/sandoval.dpsk12.org\/es\/about-us\/what-is-dual-language\/","title":{"rendered":"\u00bfEn qu\u00e9 consiste el programa de lenguaje dual?"},"content":{"rendered":"<p>El programa de lenguaje dual es una forma de educaci\u00f3n en donde los estudiantes aprenden el contenido y la lectoescritura en dos idiomas.<\/p>\n<p>Mientras que el resto de la aldea global no duda ni un segundo sobre la idea de vivir en un ambiente biling\u00fce o multiling\u00fce, la sociedad en que vivimos se pregunta: \u00bfPor qu\u00e9 un programa de lenguaje dual?<\/p>\n<p>Un hecho sencillo es que saber m\u00e1s de un idioma es beneficioso, tanto para las personas como para la sociedad.<\/p>\n<p>En la Academia Ana Marie Sandoval aspiramos a cultivar una atm\u00f3sfera donde resulte evidente que brindamos una educaci\u00f3n equitativa y de calidad a la comunidad que atendemos. La misma incluye personas que hablan espa\u00f1ol y personas que hablan ingl\u00e9s. El objetivo de una escuela de lenguaje dual es cultivar un cuerpo estudiantil biling\u00fce y alfabetizado en dos idiomas que a la larga se trasladar\u00e1 a una comunidad biling\u00fce y alfabetizada en dos idiomas.<\/p>\n<p><strong>Idiomas usados en el sal\u00f3n de clases:<\/strong><\/p>\n<ul>\n<li>3 a\u00f1os de edad, 4 a\u00f1os de edad (preescolares) y Kinder ~ 10 % ingles y 90 % espanol<\/li>\n<li>6 a 8 a\u00f1os de edad (1ro a 3.o) ~ 60 % lengua materna y 40 % segunda lengua<\/li>\n<li>9 a 12 a\u00f1os de edad (4.\u00ba a 6.\u00ba) ~ 50 % lengua materna y 50% segunda lengua<\/li>\n<\/ul>\n<p><\/p>","protected":false},"excerpt":{"rendered":"<p>El programa de lenguaje dual es una forma de educaci\u00f3n en donde los estudiantes aprenden el contenido y la lectoescritura en dos idiomas. Mientras que el resto de la aldea global no duda ni un segundo sobre la idea de vivir en un ambiente biling\u00fce o multiling\u00fce, la sociedad en que vivimos se pregunta: \u00bfPor [&hellip;]<\/p>\n","protected":false},"author":2,"featured_media":549,"parent":66,"menu_order":0,"comment_status":"open","ping_status":"open","template":"","meta":[],"acf":[],"_links":{"self":[{"href":"https:\/\/sandoval.dpsk12.org\/es\/wp-json\/wp\/v2\/pages\/86"}],"collection":[{"href":"https:\/\/sandoval.dpsk12.org\/es\/wp-json\/wp\/v2\/pages"}],"about":[{"href":"https:\/\/sandoval.dpsk12.org\/es\/wp-json\/wp\/v2\/types\/page"}],"author":[{"embeddable":true,"href":"https:\/\/sandoval.dpsk12.org\/es\/wp-json\/wp\/v2\/users\/2"}],"replies":[{"embeddable":true,"href":"https:\/\/sandoval.dpsk12.org\/es\/wp-json\/wp\/v2\/comments?post=86"}],"version-history":[{"count":2,"href":"https:\/\/sandoval.dpsk12.org\/es\/wp-json\/wp\/v2\/pages\/86\/revisions"}],"predecessor-version":[{"id":1194,"href":"https:\/\/sandoval.dpsk12.org\/es\/wp-json\/wp\/v2\/pages\/86\/revisions\/1194"}],"up":[{"embeddable":true,"href":"https:\/\/sandoval.dpsk12.org\/es\/wp-json\/wp\/v2\/pages\/66"}],"wp:featuredmedia":[{"embeddable":true,"href":"https:\/\/sandoval.dpsk12.org\/es\/wp-json\/wp\/v2\/media\/549"}],"wp:attachment":[{"href":"https:\/\/sandoval.dpsk12.org\/es\/wp-json\/wp\/v2\/media?parent=86"}],"curies":[{"name":"wp","href":"https:\/\/api.w.org\/{rel}","templated":true}]}}