{"id":84,"date":"2015-06-17T19:27:54","date_gmt":"2015-06-17T19:27:54","guid":{"rendered":"http:\/\/cms.dpsk12.org\/schools\/sandoval\/?page_id=84"},"modified":"2021-11-30T18:15:31","modified_gmt":"2021-11-30T18:15:31","slug":"principals-corner","status":"publish","type":"page","link":"https:\/\/sandoval.dpsk12.org\/es\/about-us\/principals-corner\/","title":{"rendered":"El rinc\u00f3n de la directora"},"content":{"rendered":"<p><strong>Mensaje de la Directora:<\/strong><\/p>\n<hr \/>\n<p>\u00a1Gracias por su visita!<\/p>\n<p>La Academia Ana Marie Sandoval de Lenguaje Dual Montessori es una escuela de enfoque especial (Magnet) de DPS que ofrece una combinaci\u00f3n \u00fanica de aprendizaje en lenguaje dual (espa\u00f1ol e ingl\u00e9s) dentro de un aut\u00e9ntico marco Montessori. Nuestra visi\u00f3n es promover una comunidad de personas dispuestas a aprender toda la vida, guiadas por el amor a la educaci\u00f3n, el inter\u00e9s y la apreciaci\u00f3n de otras culturas, y el deseo de crear un mundo en paz. Ofrecemos una educaci\u00f3n equitativa y de gran calidad a una comunidad diversa de ni\u00f1os.<\/p>\n<p>Tenemos programas para ni\u00f1os a partir de 3 a\u00f1os hasta 6.o grado. Si desea m\u00e1s informaci\u00f3n sobre nuestra escuela, su plan de estudios o los procedimientos de inscripci\u00f3n, visite el enlace &#8220;Informaci\u00f3n acad\u00e9mica&#8221; en la barra de navegaci\u00f3n en la parte superior de esta p\u00e1gina.<\/p>\n<p>\u00a1Los esperamos!<\/p>\n<p>Atentamente,<br \/>\nSandra Berumen<br \/>\nDirectora<\/p>","protected":false},"excerpt":{"rendered":"<p>Mensaje de la Directora: \u00a1Gracias por su visita! La Academia Ana Marie Sandoval de Lenguaje Dual Montessori es una escuela de enfoque especial (Magnet) de DPS que ofrece una combinaci\u00f3n \u00fanica de aprendizaje en lenguaje dual (espa\u00f1ol e ingl\u00e9s) dentro de un aut\u00e9ntico marco Montessori. Nuestra visi\u00f3n es promover una comunidad de personas dispuestas a [&hellip;]<\/p>\n","protected":false},"author":2,"featured_media":556,"parent":66,"menu_order":0,"comment_status":"open","ping_status":"open","template":"","meta":[],"acf":[],"_links":{"self":[{"href":"https:\/\/sandoval.dpsk12.org\/es\/wp-json\/wp\/v2\/pages\/84"}],"collection":[{"href":"https:\/\/sandoval.dpsk12.org\/es\/wp-json\/wp\/v2\/pages"}],"about":[{"href":"https:\/\/sandoval.dpsk12.org\/es\/wp-json\/wp\/v2\/types\/page"}],"author":[{"embeddable":true,"href":"https:\/\/sandoval.dpsk12.org\/es\/wp-json\/wp\/v2\/users\/2"}],"replies":[{"embeddable":true,"href":"https:\/\/sandoval.dpsk12.org\/es\/wp-json\/wp\/v2\/comments?post=84"}],"version-history":[{"count":14,"href":"https:\/\/sandoval.dpsk12.org\/es\/wp-json\/wp\/v2\/pages\/84\/revisions"}],"predecessor-version":[{"id":10494,"href":"https:\/\/sandoval.dpsk12.org\/es\/wp-json\/wp\/v2\/pages\/84\/revisions\/10494"}],"up":[{"embeddable":true,"href":"https:\/\/sandoval.dpsk12.org\/es\/wp-json\/wp\/v2\/pages\/66"}],"wp:featuredmedia":[{"embeddable":true,"href":"https:\/\/sandoval.dpsk12.org\/es\/wp-json\/wp\/v2\/media\/556"}],"wp:attachment":[{"href":"https:\/\/sandoval.dpsk12.org\/es\/wp-json\/wp\/v2\/media?parent=84"}],"curies":[{"name":"wp","href":"https:\/\/api.w.org\/{rel}","templated":true}]}}