{"id":812,"date":"2015-11-17T18:00:23","date_gmt":"2015-11-17T18:00:23","guid":{"rendered":"http:\/\/sandoval.dpsk12.org\/?page_id=812"},"modified":"2020-02-04T21:51:01","modified_gmt":"2020-02-04T21:51:01","slug":"procedures-for-adverse-weather","status":"publish","type":"page","link":"https:\/\/sandoval.dpsk12.org\/es\/parents\/procedures-for-adverse-weather\/","title":{"rendered":"Procedimientos para el clima adverso"},"content":{"rendered":"<p><strong>Informaci\u00f3n del clima de invierno<\/strong><br \/>\nLa decisi\u00f3n de mantener las escuelas abiertas o cerrarlas durante las condiciones de clima invernal no es sencilla, pero est\u00e1 hecho con un factor primordial en mente: el bienestar de nuestros estudiantes, sus familias y el personal. El Transporte de\u00a0DPS ha hecho preparativos para garantizar que los autobuses est\u00e1n ejecutando y los estudiantes lleguen con seguridad a la escuela. Nuestros conductores participan en un programa de formaci\u00f3n integral que incluye la preparaci\u00f3n para la conducci\u00f3n en las inclemencias del tiempo y las condiciones adversas como el clima invernal.<\/p>\n<p><span style=\"text-decoration: underline;\"><strong>Horario de retraso debido a clima severo:<\/strong>\u00a0<\/span><\/p>\n<p>Nuevo para el a\u00f1o escolar 2019-20, todas las escuelas de DPS (independientemente de la hora de inicio) se retrasar\u00e1n dos horas si DPS llama a un Retraso Clim\u00e1tico. Este horario de demora clim\u00e1tica est\u00e1 dise\u00f1ado para proporcionar a los autobuses escolares tiempo adicional para recoger a los estudiantes y reducir el tiempo de espera de los estudiantes en condiciones clim\u00e1ticas severas. La decisi\u00f3n de cerrar o retrasar la escuela ser\u00e1 tomada por el Superintendente con base en la informaci\u00f3n provista por representantes de los Servicios de Transporte de DPS, agencias de transporte y la agencia meteorol\u00f3gica. Revise los <a href=\"http:\/\/transportation.dpsk12.org\/wp-content\/uploads\/2019\/09\/18662_Winter_Weather_Delay_Flier_sp.pdf\">procedimientos delineados de la gu\u00eda de retraso de invierno<\/a>. Nos disculpamos por cualquier confusi\u00f3n. De ahora en adelante, el programa de ECE matutino (programa ECE 3 de 1\/2 d\u00eda) se cancelar\u00e1 seg\u00fan los procedimientos del distrito.<\/p>\n<p><span style=\"text-decoration: underline;\"><strong>Cierre de la escuela:<\/strong><\/span> Si las escuelas se van a cerrar debido a las condiciones meteorol\u00f3gicas, el distrito se ha comprometido a tomar una decisi\u00f3n lo m\u00e1s pronto posible. La decisi\u00f3n de cerrar es hecha por el Superintendente con base en la informaci\u00f3n proporcionada por los representantes de las agencias de transporte, el servicio meteorol\u00f3gico, aplicaci\u00f3n de la ley de la ciudad y condado \u00a0y el departamento de\u00a0Transporte de DPS. Si se cancela la escuela, esta informaci\u00f3n ser\u00e1 comunicada en las siguientes maneras:<\/p>\n<ul>\n<li>La Oficina de Comunicaciones notificar\u00e1 inmediatamente a las estaciones de televisi\u00f3n y radio locales, ser\u00e1n difundidos anuncios regulares de cierre de las escuelas. Tambi\u00e9n puede visitthe <a href=\"http:\/\/DenverChannel.com\">DenverChannel.com<\/a>, <a href=\"http:\/\/KDVR.com\">KDVR.com<\/a> y <a href=\"http:\/\/denver.cbslocal.com\">denver.cbslocal.com<\/a>. Notificaciones en espa\u00f1ol se har\u00e1n en los noticieros de radio en 1150 AM, 1280 AM y 1090 AM.<\/li>\n<li>El cierre de emergencia de las escuelas se publican en <a href=\"http:\/\/dpsk12.org\">dpsk12.org <\/a>inmediatamente.<\/li>\n<li>Anuncios de cerrar o retrasar la escuela tambi\u00e9n se publicar\u00e1n en Facebook del distrito y Twitter<br \/>\nUn mensaje que indica el cierre tambi\u00e9n ser\u00e1 dejado en la l\u00ednea directa de cierre del distrito escolar al 720.423.3200, as\u00ed como en la l\u00ednea de transporte de DPS en el 720.423.4600.<\/li>\n<li>Los empleados de DPS deben revisar sus correos electr\u00f3nicos con regularidad.<\/li>\n<li>Empleados del transporte de DPS ser\u00e1n notificados por el Bolet\u00edn de bus a trav\u00e9s de llamadas, texto o correo electr\u00f3nico.<\/li>\n<\/ul>\n<p><span style=\"text-decoration: underline;\"><strong>Escuelas Abiertas Durante el tiempo inclemente:<\/strong><\/span> Se proporcionar\u00e1 el transporte requerido. Sin embargo, los servicios pueden ser modificados para asegurar la\u00a0seguridad y bienestar tanto del conductor y el estudiante. Las condiciones del tr\u00e1fico pueden requerir que los estudiantes pasen m\u00e1s tiempo en el camino a la escuela, actividades especiales, programas o casa. Los autobuses podr\u00edan retrasarse hasta 15 minutos debido a las inclemencias del tiempo. Esta informaci\u00f3n se ha publicado en la l\u00ednea directa de Transporte 720.423.4600.<\/p>\n<p><span style=\"text-decoration: underline;\"><strong>El tiempo severo durante el d\u00eda escolar:<\/strong><\/span> DPS seguir\u00e1 de cerca las condiciones clim\u00e1ticas severas y las previsiones a lo largo del d\u00eda para garantizar la seguridad del estudiante. En caso de que el mal tiempo comenzar\u00e1 durante el d\u00eda escolar, l\u00edneas de autobuses se ejecutar\u00e1n en el mismo orden que se sigue normalmente por la tarde. Dependiendo de las condiciones, los tiempos de llegada en el hogar pueden retrasarse. Las actividades extraescolares (eventos deportivos, programas de enriquecimiento, etc.) pueden ser modificados o cancelados como consecuencia de las condiciones clim\u00e1ticas.<\/p>","protected":false},"excerpt":{"rendered":"<p>Informaci\u00f3n del clima de invierno La decisi\u00f3n de mantener las escuelas abiertas o cerrarlas durante las condiciones de clima invernal no es sencilla, pero est\u00e1 hecho con un factor primordial en mente: el bienestar de nuestros estudiantes, sus familias y el personal. El Transporte de\u00a0DPS ha hecho preparativos para garantizar que los autobuses est\u00e1n ejecutando [&hellip;]<\/p>\n","protected":false},"author":6,"featured_media":0,"parent":72,"menu_order":0,"comment_status":"closed","ping_status":"closed","template":"","meta":[],"acf":[],"_links":{"self":[{"href":"https:\/\/sandoval.dpsk12.org\/es\/wp-json\/wp\/v2\/pages\/812"}],"collection":[{"href":"https:\/\/sandoval.dpsk12.org\/es\/wp-json\/wp\/v2\/pages"}],"about":[{"href":"https:\/\/sandoval.dpsk12.org\/es\/wp-json\/wp\/v2\/types\/page"}],"author":[{"embeddable":true,"href":"https:\/\/sandoval.dpsk12.org\/es\/wp-json\/wp\/v2\/users\/6"}],"replies":[{"embeddable":true,"href":"https:\/\/sandoval.dpsk12.org\/es\/wp-json\/wp\/v2\/comments?post=812"}],"version-history":[{"count":6,"href":"https:\/\/sandoval.dpsk12.org\/es\/wp-json\/wp\/v2\/pages\/812\/revisions"}],"predecessor-version":[{"id":4301,"href":"https:\/\/sandoval.dpsk12.org\/es\/wp-json\/wp\/v2\/pages\/812\/revisions\/4301"}],"up":[{"embeddable":true,"href":"https:\/\/sandoval.dpsk12.org\/es\/wp-json\/wp\/v2\/pages\/72"}],"wp:attachment":[{"href":"https:\/\/sandoval.dpsk12.org\/es\/wp-json\/wp\/v2\/media?parent=812"}],"curies":[{"name":"wp","href":"https:\/\/api.w.org\/{rel}","templated":true}]}}