{"id":7420,"date":"2021-02-10T18:48:13","date_gmt":"2021-02-10T18:48:13","guid":{"rendered":"http:\/\/sandoval.dpsk12.org\/?page_id=7420"},"modified":"2025-06-05T15:35:01","modified_gmt":"2025-06-05T15:35:01","slug":"sandovals-communication-plan","status":"publish","type":"page","link":"https:\/\/sandoval.dpsk12.org\/es\/parents\/sandovals-communication-plan\/","title":{"rendered":"Plan de Comunicaciones de Sandoval"},"content":{"rendered":"<p>&nbsp;<\/p>\n<ul>\n<li><span style=\"font-weight: 400;\"> Infinite Campus \/ School Messenger: esta comunicaci\u00f3n por correo electr\u00f3nico proviene directamente de la escuela y \/ o la administraci\u00f3n del distrito. Para recibir estos correos electr\u00f3nicos, debe optar por ingresar una vez que haya iniciado sesi\u00f3n en su cuenta del Portal para padres. Las cartas del director, el transporte de DPS, los anuncios de emergencia, etc. provienen de la direcci\u00f3n de correo electr\u00f3nico \u201cmessenger@dpsk12.org\u201d. Acceda al Portal de Padres <a href=\"https:\/\/myportal.dpsk12.org\/Pages\/Default.aspx\">aqu\u00ed<\/a>.<\/span><\/li>\n<li><span style=\"font-weight: 400;\"> Mensaje del director: el director env\u00eda un correo electr\u00f3nico informativo semanal a la comunidad.\u00a0<\/span><\/li>\n<li><span style=\"font-weight: 400;\"> Mensajes y correos electr\u00f3nicos de los padres de sal\u00f3n: los correos electr\u00f3nicos de los padres de su sal\u00f3n se env\u00edan con la frecuencia que sea necesaria, generalmente algunas veces al mes. Los padres del sal\u00f3n env\u00edan informaci\u00f3n condensada de los comit\u00e9s de padres y tambi\u00e9n pueden comunicar las necesidades del maestro del sal\u00f3n. Los padres de sal\u00f3n env\u00edan mensajes en Bloomz y tambi\u00e9n pueden usar su correo electr\u00f3nico personal.<\/span><\/li>\n<li><span style=\"font-weight: 400;\"> P\u00e1gina de Facebook de Sandoval: la administraci\u00f3n de la escuela administra esta p\u00e1gina. En ella encontrar\u00e1 art\u00edculos sobre dotados y talentosos, oportunidades para los estudiantes, anuncios pertinentes de DPS, eventos y anuncios importantes de la escuela \/ Comit\u00e9 de Padres.<\/span><\/li>\n<li><span style=\"font-weight: 400;\"> Sitio web de Sandoval (<a href=\"http:\/\/sandoval.dpsk12.org\">http:\/\/sandoval.dpsk12.org<\/a>): el sitio web de la escuela Sandoval es administrado conjuntamente por el administrador de la escuela y DPS. La mayor parte de la informaci\u00f3n que ha recibido en otro formato tambi\u00e9n se puede encontrar en el sitio web.<\/span><\/li>\n<li><span style=\"font-weight: 400;\"> Conferencias de padres \/ maestros: conferencia de maestros con los padres de cada estudiante son en oto\u00f1o. En la primavera, los maestros se re\u00fanen con los padres seg\u00fan sea necesario. Los padres pueden solicitar una conferencia en cualquier momento.<\/span><\/li>\n<li><span style=\"font-weight: 400;\"> Boletas de calificaciones: las boletas de calificaciones se env\u00edan a casa tres veces al a\u00f1o. Las boletas de calificaciones brindan informaci\u00f3n resumida sobre c\u00f3mo los estudiantes est\u00e1n progresando hacia el cumplimiento de los est\u00e1ndares de nivel de grado para esa \u00e9poca del a\u00f1o.<\/span><\/li>\n<\/ul>\n<p><\/p>","protected":false},"excerpt":{"rendered":"<p>&nbsp; Infinite Campus \/ School Messenger: esta comunicaci\u00f3n por correo electr\u00f3nico proviene directamente de la escuela y \/ o la administraci\u00f3n del distrito. Para recibir estos correos electr\u00f3nicos, debe optar por ingresar una vez que haya iniciado sesi\u00f3n en su cuenta del Portal para padres. Las cartas del director, el transporte de DPS, los anuncios [&hellip;]<\/p>\n","protected":false},"author":5,"featured_media":0,"parent":72,"menu_order":0,"comment_status":"closed","ping_status":"closed","template":"","meta":[],"acf":[],"_links":{"self":[{"href":"https:\/\/sandoval.dpsk12.org\/es\/wp-json\/wp\/v2\/pages\/7420"}],"collection":[{"href":"https:\/\/sandoval.dpsk12.org\/es\/wp-json\/wp\/v2\/pages"}],"about":[{"href":"https:\/\/sandoval.dpsk12.org\/es\/wp-json\/wp\/v2\/types\/page"}],"author":[{"embeddable":true,"href":"https:\/\/sandoval.dpsk12.org\/es\/wp-json\/wp\/v2\/users\/5"}],"replies":[{"embeddable":true,"href":"https:\/\/sandoval.dpsk12.org\/es\/wp-json\/wp\/v2\/comments?post=7420"}],"version-history":[{"count":2,"href":"https:\/\/sandoval.dpsk12.org\/es\/wp-json\/wp\/v2\/pages\/7420\/revisions"}],"predecessor-version":[{"id":15686,"href":"https:\/\/sandoval.dpsk12.org\/es\/wp-json\/wp\/v2\/pages\/7420\/revisions\/15686"}],"up":[{"embeddable":true,"href":"https:\/\/sandoval.dpsk12.org\/es\/wp-json\/wp\/v2\/pages\/72"}],"wp:attachment":[{"href":"https:\/\/sandoval.dpsk12.org\/es\/wp-json\/wp\/v2\/media?parent=7420"}],"curies":[{"name":"wp","href":"https:\/\/api.w.org\/{rel}","templated":true}]}}