{"id":4294,"date":"2020-01-27T21:25:01","date_gmt":"2020-01-27T21:25:01","guid":{"rendered":"http:\/\/sandoval.dpsk12.org\/?page_id=4294"},"modified":"2020-01-27T21:26:29","modified_gmt":"2020-01-27T21:26:29","slug":"multi-tier-support-system-at-academia-sandoval","status":"publish","type":"page","link":"https:\/\/sandoval.dpsk12.org\/es\/parents\/multi-tier-support-system-at-academia-sandoval\/","title":{"rendered":"Sistema de apoyo de varios niveles en Academia Sandoval"},"content":{"rendered":"<p>Un sistema de apoyo de varios niveles (MTSS) es una frase que puede escuchar en la escuela o por medio de otros padres. Puede escucharlo llamado marco MTSS, proceso MTSS o modelo MTSS.<br \/>\nNo importa c\u00f3mo se llame, MTSS tiene un objetivo muy importante. Est\u00e1 dise\u00f1ado para ayudar a las escuelas a identificar temprano a los estudiantes con dificultades e intervenir r\u00e1pidamente.<\/p>\n<p>MTSS es un marco que muchas escuelas usan para proporcionar apoyo espec\u00edfico a estudiantes con dificultades. Se enfoca en el &#8220;ni\u00f1o completo&#8221;. MTSS apoya el crecimiento acad\u00e9mico, el rendimiento, el comportamiento, las necesidades sociales y emocionales, y el absentismo.<\/p>\n<p>Los apoyos de varios niveles son una gran parte de MTSS. Estos niveles de apoyo aumentan en intensidad de un nivel al siguiente. Por ejemplo, algunos ni\u00f1os que reciben intervenciones en grupos peque\u00f1os pueden necesitar &#8220;pasar&#8221; a la ayuda individual.\u00a0Por favor siga el enlace de abajo\u00a0para obtener m\u00e1s informaci\u00f3n sobre c\u00f3mo funciona este sistema en Sandoval.<\/p>\n<p><a href=\"http:\/\/sandoval.dpsk12.org\/wp-content\/uploads\/2020\/01\/MTSS.pdf\">MTSS<\/a><\/p>","protected":false},"excerpt":{"rendered":"<p>Un sistema de apoyo de varios niveles (MTSS) es una frase que puede escuchar en la escuela o por medio de otros padres. Puede escucharlo llamado marco MTSS, proceso MTSS o modelo MTSS. No importa c\u00f3mo se llame, MTSS tiene un objetivo muy importante. Est\u00e1 dise\u00f1ado para ayudar a las escuelas a identificar temprano a [&hellip;]<\/p>\n","protected":false},"author":5,"featured_media":0,"parent":72,"menu_order":0,"comment_status":"closed","ping_status":"closed","template":"","meta":[],"acf":[],"_links":{"self":[{"href":"https:\/\/sandoval.dpsk12.org\/es\/wp-json\/wp\/v2\/pages\/4294"}],"collection":[{"href":"https:\/\/sandoval.dpsk12.org\/es\/wp-json\/wp\/v2\/pages"}],"about":[{"href":"https:\/\/sandoval.dpsk12.org\/es\/wp-json\/wp\/v2\/types\/page"}],"author":[{"embeddable":true,"href":"https:\/\/sandoval.dpsk12.org\/es\/wp-json\/wp\/v2\/users\/5"}],"replies":[{"embeddable":true,"href":"https:\/\/sandoval.dpsk12.org\/es\/wp-json\/wp\/v2\/comments?post=4294"}],"version-history":[{"count":1,"href":"https:\/\/sandoval.dpsk12.org\/es\/wp-json\/wp\/v2\/pages\/4294\/revisions"}],"predecessor-version":[{"id":4296,"href":"https:\/\/sandoval.dpsk12.org\/es\/wp-json\/wp\/v2\/pages\/4294\/revisions\/4296"}],"up":[{"embeddable":true,"href":"https:\/\/sandoval.dpsk12.org\/es\/wp-json\/wp\/v2\/pages\/72"}],"wp:attachment":[{"href":"https:\/\/sandoval.dpsk12.org\/es\/wp-json\/wp\/v2\/media?parent=4294"}],"curies":[{"name":"wp","href":"https:\/\/api.w.org\/{rel}","templated":true}]}}