{"id":317,"date":"2015-07-30T19:35:25","date_gmt":"2015-07-30T19:35:25","guid":{"rendered":"http:\/\/cms.dpsk12.org\/schools\/sandoval\/?page_id=317"},"modified":"2015-08-19T22:00:05","modified_gmt":"2015-08-19T22:00:05","slug":"registration","status":"publish","type":"page","link":"https:\/\/sandoval.dpsk12.org\/es\/parents\/registration\/","title":{"rendered":"Inscripciones"},"content":{"rendered":"<p>Todos los estudiantes (nuevos o no) deben inscribirse cada a\u00f1o escolar nuevo. Inscribirse toma unos 20 a 30 minutos. En el caso de estudiantes nuevos, es necesario traer los siguientes documentos a Sandoval el d\u00eda de la inscripci\u00f3n (incluso si ya se han presentado durante el proceso de elecci\u00f3n):<\/p>\n<ol>\n<li>Original o copia del acta de nacimiento del estudiante<\/li>\n<li>Cartilla de vacunaci\u00f3n actualizada del estudiante<\/li>\n<li>Constancia de domicilio (factura de servicios p\u00fablicos, copia del contrato de arrendamiento, etc.)<\/li>\n<li>Si se solicitar\u00e1 asistencia para la colegiatura para preescolar o Kindergarten de d\u00eda completo, traer un mes completo de talones de pago consecutivos o constancia de que recibe asistencia p\u00fablica (por ejemplo, TANF, estampillas para alimentos, Medicaid, etc.).<\/li>\n<\/ol>\n<p><\/p>","protected":false},"excerpt":{"rendered":"<p>Todos los estudiantes (nuevos o no) deben inscribirse cada a\u00f1o escolar nuevo. Inscribirse toma unos 20 a 30 minutos. En el caso de estudiantes nuevos, es necesario traer los siguientes documentos a Sandoval el d\u00eda de la inscripci\u00f3n (incluso si ya se han presentado durante el proceso de elecci\u00f3n): Original o copia del acta de [&hellip;]<\/p>\n","protected":false},"author":2,"featured_media":550,"parent":72,"menu_order":0,"comment_status":"open","ping_status":"open","template":"","meta":[],"acf":[],"_links":{"self":[{"href":"https:\/\/sandoval.dpsk12.org\/es\/wp-json\/wp\/v2\/pages\/317"}],"collection":[{"href":"https:\/\/sandoval.dpsk12.org\/es\/wp-json\/wp\/v2\/pages"}],"about":[{"href":"https:\/\/sandoval.dpsk12.org\/es\/wp-json\/wp\/v2\/types\/page"}],"author":[{"embeddable":true,"href":"https:\/\/sandoval.dpsk12.org\/es\/wp-json\/wp\/v2\/users\/2"}],"replies":[{"embeddable":true,"href":"https:\/\/sandoval.dpsk12.org\/es\/wp-json\/wp\/v2\/comments?post=317"}],"version-history":[{"count":1,"href":"https:\/\/sandoval.dpsk12.org\/es\/wp-json\/wp\/v2\/pages\/317\/revisions"}],"predecessor-version":[{"id":505,"href":"https:\/\/sandoval.dpsk12.org\/es\/wp-json\/wp\/v2\/pages\/317\/revisions\/505"}],"up":[{"embeddable":true,"href":"https:\/\/sandoval.dpsk12.org\/es\/wp-json\/wp\/v2\/pages\/72"}],"wp:featuredmedia":[{"embeddable":true,"href":"https:\/\/sandoval.dpsk12.org\/es\/wp-json\/wp\/v2\/media\/550"}],"wp:attachment":[{"href":"https:\/\/sandoval.dpsk12.org\/es\/wp-json\/wp\/v2\/media?parent=317"}],"curies":[{"name":"wp","href":"https:\/\/api.w.org\/{rel}","templated":true}]}}