{"id":236,"date":"2015-07-17T20:08:09","date_gmt":"2015-07-17T20:08:09","guid":{"rendered":"http:\/\/cms.dpsk12.org\/schools\/sandoval\/?page_id=236"},"modified":"2025-06-04T17:02:36","modified_gmt":"2025-06-04T17:02:36","slug":"employment-opportunities","status":"publish","type":"page","link":"https:\/\/sandoval.dpsk12.org\/es\/join-our-team\/employment-opportunities\/","title":{"rendered":"Oportunidades Laborales"},"content":{"rendered":"<p><strong>Gracias por su inter\u00e9s en unirse al equipo de la Academia Sandoval.<\/strong><\/p>\n<p>En la Academia Sandoval disfrutamos de aprender junto a los ni\u00f1os. Nuestra visi\u00f3n es promover una comunidad de personas dispuestas a aprender toda la vida, guiadas por el amor a la educaci\u00f3n, el inter\u00e9s y la apreciaci\u00f3n de otras culturas, y el deseo de crear un mundo en paz. Ofrecemos una educaci\u00f3n equitativa y de gran calidad a una comunidad diversa de ni\u00f1os. Nuestro personal es una familia que alienta la colaboraci\u00f3n y construcci\u00f3n de lazos de amistad con el fin de ayudar a los estudiantes a alcanzar todo su potencial.<\/p>\n<p>Araceli, directora de la Academia Sandoval, tambi\u00e9n tiene una visi\u00f3n que puede darle un vistazo a la cultura de la escuela: <em>Amar a cada ser humano y su potencial que debe ser nutrido a trav\u00e9s de nuestros entornos intencionalmente preparados que conducen a la equidad para Generaciones venideras.<\/em> Academia Sandoval es una escuela para maestros que est\u00e1n dispuestos a reflejar y refinar constantemente su pr\u00e1ctica para alcanzar su mayor potencial en el servicio a los ni\u00f1os. Mar\u00eda Montessori dijo: &#8220;No es suficiente para el maestro amar al ni\u00f1o. Primero debe amar y comprender el universo. Ella debe prepararse, y verdaderamente trabajar en ello.&#8221;<\/p>\n<p>Nos gusta mantener las l\u00edneas de comunicaci\u00f3n abiertas con los candidatos potenciales para cuando haya una vacante como Asistente (&#8220;Paraprofesional&#8221;) o maestro l\u00edder\u00a0en nuestras aulas de Casa de Ni\u00f1o (edades de 3 a 6) y Talleres I y II (edades de 6 a 12). \u00a0Invitamos especialmente a los educadores biling\u00fces y capacitados en la metodolog\u00eda Montessori a que se pongan en contacto con\u00a0Sandra Berumen al 420-424-4370, o por correo electr\u00f3nico: <a href=\"mailto:sandra_berumen@dpsk12.net\">sandra_berumen@dpsk12.net<\/a><\/p>\n<hr \/>\n<p style=\"text-align: center;\"><a href=\"https:\/\/dpsjobboard.dpsk12.org\/\"><strong>Solicitar en l\u00ednea aqu\u00ed<\/strong><\/a><\/p>\n<hr \/>\n<p><strong>Oportunidades actuales:<\/strong><\/p>\n<ul>\n<li><em>1 Asistente de maestra en aulas de Casa de Ni\u00f1o (ECE3, ECE4 &amp; Kinder), 4 horas por dia<\/em>\n<ul>\n<li>9:00 a.m. a 1:00 p.m.<\/li>\n<li>Se prefiere que sea biling\u00fce.<\/li>\n<\/ul>\n<\/li>\n<li>1 Asistente de maestra en aula de taller II (4to, 5to &amp; 6to), 7 horas por dia\n<ul>\n<li>8:30 a.m. a 4:00 p.m.<\/li>\n<li>Se prefiere que sea bilingue.<\/li>\n<\/ul>\n<\/li>\n<li>1 Asistente de maestra en aula de Casa de Ni\u00f1os (ECE3, ECE4 &amp; Kinder), 8 horas por dia\n<ul>\n<li>8:00 a.m. a 4:00 p.m<\/li>\n<li>Se prefiere que sea bilingue.<\/li>\n<\/ul>\n<\/li>\n<\/ul>\n<p><\/p>","protected":false},"excerpt":{"rendered":"<p>Gracias por su inter\u00e9s en unirse al equipo de la Academia Sandoval. En la Academia Sandoval disfrutamos de aprender junto a los ni\u00f1os. Nuestra visi\u00f3n es promover una comunidad de personas dispuestas a aprender toda la vida, guiadas por el amor a la educaci\u00f3n, el inter\u00e9s y la apreciaci\u00f3n de otras culturas, y el deseo [&hellip;]<\/p>\n","protected":false},"author":2,"featured_media":922,"parent":76,"menu_order":0,"comment_status":"open","ping_status":"open","template":"","meta":[],"acf":[],"_links":{"self":[{"href":"https:\/\/sandoval.dpsk12.org\/es\/wp-json\/wp\/v2\/pages\/236"}],"collection":[{"href":"https:\/\/sandoval.dpsk12.org\/es\/wp-json\/wp\/v2\/pages"}],"about":[{"href":"https:\/\/sandoval.dpsk12.org\/es\/wp-json\/wp\/v2\/types\/page"}],"author":[{"embeddable":true,"href":"https:\/\/sandoval.dpsk12.org\/es\/wp-json\/wp\/v2\/users\/2"}],"replies":[{"embeddable":true,"href":"https:\/\/sandoval.dpsk12.org\/es\/wp-json\/wp\/v2\/comments?post=236"}],"version-history":[{"count":24,"href":"https:\/\/sandoval.dpsk12.org\/es\/wp-json\/wp\/v2\/pages\/236\/revisions"}],"predecessor-version":[{"id":15679,"href":"https:\/\/sandoval.dpsk12.org\/es\/wp-json\/wp\/v2\/pages\/236\/revisions\/15679"}],"up":[{"embeddable":true,"href":"https:\/\/sandoval.dpsk12.org\/es\/wp-json\/wp\/v2\/pages\/76"}],"wp:featuredmedia":[{"embeddable":true,"href":"https:\/\/sandoval.dpsk12.org\/es\/wp-json\/wp\/v2\/media\/922"}],"wp:attachment":[{"href":"https:\/\/sandoval.dpsk12.org\/es\/wp-json\/wp\/v2\/media?parent=236"}],"curies":[{"name":"wp","href":"https:\/\/api.w.org\/{rel}","templated":true}]}}