{"id":226,"date":"2015-07-17T19:25:39","date_gmt":"2015-07-17T19:25:39","guid":{"rendered":"http:\/\/cms.dpsk12.org\/schools\/sandoval\/?page_id=226"},"modified":"2026-01-08T20:17:52","modified_gmt":"2026-01-08T20:17:52","slug":"prospective-parents","status":"publish","type":"page","link":"https:\/\/sandoval.dpsk12.org\/es\/parents\/prospective-parents\/","title":{"rendered":"Padres de Futuros Estudiantes"},"content":{"rendered":"<p>Gracias por considerar a la Academia Ana Marie Sandoval de Lenguaje Dual Montessori. Nos honra ser una opci\u00f3n educativa para su hijo. Estamos aqu\u00ed para ayudarle a que conozca nuestra escuela, as\u00ed que no dude en contactarnos por cualquier pregunta.<\/p>\n<hr \/>\n<p><strong>Folleto de la escuela<\/strong><\/p>\n<p><a href=\"http:\/\/sandoval.dpsk12.org\/wp-content\/uploads\/2015\/07\/Sandoval_brochure_6x9-EngSpan-spreads.pdf\">Aqu\u00ed<\/a> puede ver el folleto de la escuela<\/p>\n<p><strong>Tours\u00a0de la escuela<\/strong><\/p>\n<p><span style=\"font-weight: 400;\">Nos complace anunciar las fechas de nuestros recorridos para las familias interesadas en Sandoval. Sabemos lo importante que es para los padres conocer nuestra escuela por s\u00ed mismos debido a nuestro modelo educativo \u00fanico, el sistema de lenguaje dual Montessori en el sector p\u00fablico. Tendremos cuatro fechas para tours en diciembre 2025 y enero 2026 por favor regrese a este sito en el oto\u00f1o para asistir a un tour:<\/span><\/p>\n<ul>\n<li>Mi\u00e9rcoles 3 de diciembre de 2025, 4:15-5:15 h (Presencial: Academia Sandoval)<\/li>\n<li>Martes 9 de diciembre de 2025, 4:15-5:15 h (Presencial: Academia Sandoval)<\/li>\n<li>Mi\u00e9rcoles 7 de enero de 2026, 4:15-5:15 h (Presencial: Academia Sandoval)<\/li>\n<li>Mi\u00e9rcoles 14 de enero de 2026, 4:15-5:15 h (Presencial: Academia Sandoval)<\/li>\n<\/ul>\n<p><span style=\"font-weight: 400;\">Se ofrecen visitas guiadas en ingl\u00e9s y espa\u00f1ol. Comparta este formulario de inscripci\u00f3n con las familias que est\u00e9n interesadas en nuestra escuela para el pr\u00f3ximo a\u00f1o escolar:<\/span><\/p>\n<p><a href=\"https:\/\/forms.gle\/F1QzoVhsx9DMFGoA7\"><span style=\"font-weight: 400;\">https:\/\/forms.gle\/F1QzoVhsx9DMFGoA7<\/span><\/a><\/p>\n<ul>\n<li style=\"font-weight: 400;\" aria-level=\"1\"><span style=\"font-weight: 400;\">La primera parte del recorrido consiste en una breve presentaci\u00f3n sobre nuestro modelo educativo \u00fanico que finaliza con una sesi\u00f3n de preguntas y respuestas. Luego, nuestra secretaria de inscripciones se unir\u00e1 a nosotros para orientarlo sobre el proceso SchoolChoice. La segunda parte es un recorrido por el edificio.<\/span><\/li>\n<li style=\"font-weight: 400;\" aria-level=\"1\"><span style=\"font-weight: 400;\">Para preguntas sobre inscripci\u00f3n, visite: <\/span><a href=\"https:\/\/schoolchoice.dpsk12.org\/\"><span style=\"font-weight: 400;\">SchoolChoice<\/span><\/a><\/li>\n<li><span style=\"font-weight: 400;\">Para obtener informaci\u00f3n sobre la matr\u00edcula, visite:<\/span><a href=\"https:\/\/earlyeducation.dpsk12.org\/o\/earlyeducation\/page\/tuition-rates-and-assistance\"> <span style=\"font-weight: 400;\">Matr\u00edcula y tarifas<\/span><\/a><\/li>\n<li>Adicionalmente futuros estudiantes de programas de ECE 3 y ECE 4 (Preescolar) es requerido la solicitud de Universal Preschool (UPK).\n<div><a href=\"https:\/\/cdec.colorado.gov\/colorado-universal-preschool\/family-FAQ\">Universal Preschool Family FAQS<\/a><\/div>\n<div><span style=\"color: #000000;\">Favor de visitar la p\u00e1gina\u00a0de Universal Preschool (UPK) para informaci\u00f3n\u00a0sobre solicitud\u00a0<\/span><\/div>\n<div class=\"yj6qo\"><a href=\"https:\/\/cdec.colorado.gov\/colorado-universal-preschool\">https:\/\/cdec.colorado.gov\/colorado-universal-preschool<\/a><\/div>\n<\/li>\n<\/ul>\n<p data-start=\"53\" data-end=\"105\"><strong data-start=\"53\" data-end=\"105\">\u00bfNo puede asistir a un recorrido por la escuela?<\/strong><\/p>\n<p data-start=\"107\" data-end=\"551\">Entendemos que los horarios ocupados no siempre permiten a las familias asistir a un recorrido presencial por nuestra escuela. Para ayudarle a conocer mejor nuestra comunidad escolar, nos complace compartir la presentaci\u00f3n que utilizamos durante nuestros recorridos guiados. Esta presentaci\u00f3n destaca nuestra misi\u00f3n, el curr\u00edculo, el ambiente de aprendizaje y las muchas formas en que apoyamos el crecimiento y el \u00e9xito de nuestros estudiantes.<\/p>\n<p data-start=\"553\" data-end=\"855\">Esperamos que esta presentaci\u00f3n le brinde una visi\u00f3n clara y significativa de nuestra comunidad escolar y de lo que hace especial a nuestro programa.<\/p>\n<p data-start=\"857\" data-end=\"906\"><a href=\"https:\/\/docs.google.com\/presentation\/d\/1RdCCy9_swGswD4sSCyQX9eKwiVALHgicojjfnoc1mUQ\/edit?usp=sharing\">Descargar la presentaci\u00f3n del recorrido escolar<\/a><\/p>\n<p><\/p>","protected":false},"excerpt":{"rendered":"<p>Gracias por considerar a la Academia Ana Marie Sandoval de Lenguaje Dual Montessori. Nos honra ser una opci\u00f3n educativa para su hijo. Estamos aqu\u00ed para ayudarle a que conozca nuestra escuela, as\u00ed que no dude en contactarnos por cualquier pregunta. Folleto de la escuela Aqu\u00ed puede ver el folleto de la escuela Tours\u00a0de la escuela [&hellip;]<\/p>\n","protected":false},"author":2,"featured_media":516,"parent":72,"menu_order":0,"comment_status":"open","ping_status":"open","template":"","meta":[],"acf":[],"_links":{"self":[{"href":"https:\/\/sandoval.dpsk12.org\/es\/wp-json\/wp\/v2\/pages\/226"}],"collection":[{"href":"https:\/\/sandoval.dpsk12.org\/es\/wp-json\/wp\/v2\/pages"}],"about":[{"href":"https:\/\/sandoval.dpsk12.org\/es\/wp-json\/wp\/v2\/types\/page"}],"author":[{"embeddable":true,"href":"https:\/\/sandoval.dpsk12.org\/es\/wp-json\/wp\/v2\/users\/2"}],"replies":[{"embeddable":true,"href":"https:\/\/sandoval.dpsk12.org\/es\/wp-json\/wp\/v2\/comments?post=226"}],"version-history":[{"count":42,"href":"https:\/\/sandoval.dpsk12.org\/es\/wp-json\/wp\/v2\/pages\/226\/revisions"}],"predecessor-version":[{"id":17712,"href":"https:\/\/sandoval.dpsk12.org\/es\/wp-json\/wp\/v2\/pages\/226\/revisions\/17712"}],"up":[{"embeddable":true,"href":"https:\/\/sandoval.dpsk12.org\/es\/wp-json\/wp\/v2\/pages\/72"}],"wp:featuredmedia":[{"embeddable":true,"href":"https:\/\/sandoval.dpsk12.org\/es\/wp-json\/wp\/v2\/media\/516"}],"wp:attachment":[{"href":"https:\/\/sandoval.dpsk12.org\/es\/wp-json\/wp\/v2\/media?parent=226"}],"curies":[{"name":"wp","href":"https:\/\/api.w.org\/{rel}","templated":true}]}}