{"id":12790,"date":"2024-08-01T16:20:21","date_gmt":"2024-08-01T16:20:21","guid":{"rendered":"https:\/\/sandoval.dpsk12.org\/?page_id=12790"},"modified":"2024-09-11T19:47:03","modified_gmt":"2024-09-11T19:47:03","slug":"support-sandoval","status":"publish","type":"page","link":"https:\/\/sandoval.dpsk12.org\/es\/support-sandoval\/","title":{"rendered":"(English) Support Sandoval"},"content":{"rendered":"<p class=\"qtranxs-available-languages-message qtranxs-available-languages-message-es\">Disculpa, pero esta entrada est\u00e1 disponible s\u00f3lo en <a href=\"https:\/\/sandoval.dpsk12.org\/en\/wp-json\/wp\/v2\/pages\/12790\" class=\"qtranxs-available-language-link qtranxs-available-language-link-en\" title=\"English\">Ingl\u00e9s Estadounidense<\/a>.<\/p>","protected":false},"excerpt":{"rendered":"<p>Disculpa, pero esta entrada est\u00e1 disponible s\u00f3lo en Ingl\u00e9s Estadounidense.<\/p>\n","protected":false},"author":3011,"featured_media":12783,"parent":0,"menu_order":0,"comment_status":"closed","ping_status":"closed","template":"","meta":[],"acf":[],"_links":{"self":[{"href":"https:\/\/sandoval.dpsk12.org\/es\/wp-json\/wp\/v2\/pages\/12790"}],"collection":[{"href":"https:\/\/sandoval.dpsk12.org\/es\/wp-json\/wp\/v2\/pages"}],"about":[{"href":"https:\/\/sandoval.dpsk12.org\/es\/wp-json\/wp\/v2\/types\/page"}],"author":[{"embeddable":true,"href":"https:\/\/sandoval.dpsk12.org\/es\/wp-json\/wp\/v2\/users\/3011"}],"replies":[{"embeddable":true,"href":"https:\/\/sandoval.dpsk12.org\/es\/wp-json\/wp\/v2\/comments?post=12790"}],"version-history":[{"count":58,"href":"https:\/\/sandoval.dpsk12.org\/es\/wp-json\/wp\/v2\/pages\/12790\/revisions"}],"predecessor-version":[{"id":13682,"href":"https:\/\/sandoval.dpsk12.org\/es\/wp-json\/wp\/v2\/pages\/12790\/revisions\/13682"}],"wp:featuredmedia":[{"embeddable":true,"href":"https:\/\/sandoval.dpsk12.org\/es\/wp-json\/wp\/v2\/media\/12783"}],"wp:attachment":[{"href":"https:\/\/sandoval.dpsk12.org\/es\/wp-json\/wp\/v2\/media?parent=12790"}],"curies":[{"name":"wp","href":"https:\/\/api.w.org\/{rel}","templated":true}]}}