{"id":117,"date":"2015-06-17T20:52:14","date_gmt":"2015-06-17T20:52:14","guid":{"rendered":"http:\/\/cms.dpsk12.org\/schools\/sandoval\/?page_id=117"},"modified":"2025-06-05T15:17:08","modified_gmt":"2025-06-05T15:17:08","slug":"committees","status":"publish","type":"page","link":"https:\/\/sandoval.dpsk12.org\/es\/parents\/committees\/","title":{"rendered":"Comit\u00e9s"},"content":{"rendered":"<p><a href=\"http:\/\/sandoval.dpsk12.org\/wp-content\/uploads\/2015\/06\/mapas_web1.jpg\"><img loading=\"lazy\" class=\"alignnone size-full wp-image-665\" src=\"http:\/\/sandoval.dpsk12.org\/wp-content\/uploads\/2015\/06\/mapas_web1.jpg\" alt=\"Print\" width=\"200\" height=\"114\" \/><\/a><\/p>\n<p>Maestros y Padres de Sandoval (MAPAS) PTO es la organizaci\u00f3n de padres y maestros de Sandoval. MAPAS PTO ofrece un foro para todos los miembros de la comunidad de Sandoval que se centra en la educaci\u00f3n de los padres. Educamos, fortalecemos las relaciones de colaboraci\u00f3n, nos enfocamos en la equidad y construimos una comunidad culturalmente receptiva al coordinar noches de educaci\u00f3n para padres que ofrecen informaci\u00f3n y estrategias para que las familias maximicen nuestro programa \u00fanico de lenguaje dual Montessori en la Academia Ana Marie Sandoval. Como padre, tutor, maestro, administrador o miembro del personal, \u00a1usted es miembro de MAPAS PTO!<\/p>\n<p>contactos:<\/p>\n<p>\u00a1Se necesitan padres l\u00edderes!<\/p>\n<p>&nbsp;<\/p>\n<hr \/>\n<p><a href=\"http:\/\/sandoval.dpsk12.org\/wp-content\/uploads\/2015\/06\/palas_web1.jpg\"><img loading=\"lazy\" class=\"alignnone size-full wp-image-664\" src=\"http:\/\/sandoval.dpsk12.org\/wp-content\/uploads\/2015\/06\/palas_web1.jpg\" alt=\"palas_web\" width=\"200\" height=\"114\" \/><\/a><\/p>\n<p>El objetivo principal de Padres Latinos de Sandoval (PALAS) es promover la participaci\u00f3n activa de los padres en el logro acad\u00e9mico y el crecimiento personal de nuestros hijos. Creamos eventos que involucran a toda la comunidad Sandoval en la celebraci\u00f3n de la diversidad cultural porque nuestra diversidad fortalece el \u00e9xito de nuestros ni\u00f1os, dentro y fuera del sal\u00f3n de clases. Nos reunimos no solo para compartir ideas, sino tambi\u00e9n para discutir todas las actividades y eventos de toda la escuela. PALAS tambi\u00e9n trabaja con otros comit\u00e9s para involucrar a m\u00e1s padres latinos en las actividades escolares.<\/p>\n<p>Contactos:<\/p>\n<p>\u00a1Se necesitan padres l\u00edderes!<\/p>\n<hr \/>\n<p><a href=\"http:\/\/sandoval.dpsk12.org\/wp-content\/uploads\/2015\/06\/AmigosLogo_web1.jpg\"><img loading=\"lazy\" class=\"alignnone size-full wp-image-670\" src=\"http:\/\/sandoval.dpsk12.org\/wp-content\/uploads\/2015\/06\/AmigosLogo_web1.jpg\" alt=\"AmigosLogo_web\" width=\"200\" height=\"114\" \/><\/a><\/p>\n<p>&nbsp;<\/p>\n<p>Nuestro plan de estudios biling\u00fce Montessori es incre\u00edblemente \u00fanico; sus necesidades financieras son mayores que las de una escuela promedio. Amigos de la Academia Sandoval recauda dinero para cerrar la brecha entre lo que Sandoval necesita y lo que ofrece DPS. Nuestra misi\u00f3n es<br \/>\nrecaudar dinero con fines educativos para que Sandoval pueda brindar una educaci\u00f3n p\u00fablica de alta calidad a nuestra poblaci\u00f3n estudiantil. Recaudamos dinero para apoyar:<\/p>\n<ul>\n<li>Formaci\u00f3n de profesores Montessori<\/li>\n<li>Aseg\u00farese de que haya un paraprofesional en cada clase<\/li>\n<li>Paseos<\/li>\n<li>Materiales especiales (arte, m\u00fasica, educaci\u00f3n f\u00edsica)<\/li>\n<li>Eventos especiales PALAS y MAPAS<\/li>\n<\/ul>\n<p>contactos:\u00a0<span style=\"font-weight: 400;\">Erika Killion: <\/span><a href=\"mailto:erikakillion@gmail.com\"><span style=\"font-weight: 400;\">erikakillion@gmail.com<\/span><\/a><\/p>\n<hr \/>\n<p><a href=\"http:\/\/sandoval.dpsk12.org\/wp-content\/uploads\/2015\/06\/garden_wellness_web1.jpg\"><img loading=\"lazy\" class=\"alignnone size-full wp-image-667\" src=\"http:\/\/sandoval.dpsk12.org\/wp-content\/uploads\/2015\/06\/garden_wellness_web1.jpg\" alt=\"garden_wellness_web\" width=\"200\" height=\"114\" \/><\/a><\/p>\n<p>El comit\u00e9 de jardiner\u00eda introduce a los ni\u00f1os a la jardiner\u00eda a trav\u00e9s de la experiencia pr\u00e1ctica y les ense\u00f1a sobre el medioambiente. Como comit\u00e9, organizamos numerosas actividades para toda la escuela, como el d\u00eda de caminata a la escuela en oto\u00f1o, plantamos narcisos en invierno y semillas el D\u00eda de la Tierra (luego, las semillas se trasplantan al jard\u00edn de la escuela), y cuidamos el jard\u00edn durante el verano. El a\u00f1o 2012 marca el cuarto a\u00f1o que administramos el programa comercial de producci\u00f3n de abono a partir de desechos de la cafeter\u00eda y cocina de la escuela. Para 2013, nuestra meta es completar la construcci\u00f3n de una nueva aula verde en el lado sur del patio de juegos.<\/p>\n<p>Contacto:<\/p>\n<p>Jonathan Rodrigues:\u00a0<a href=\"mailto:jonathan.rodrigues81@gmail.com\">jonathan.rodrigues81@gmail.com<\/a><\/p>\n<p>&nbsp;<\/p>\n<p>&nbsp;<\/p>","protected":false},"excerpt":{"rendered":"<p>Maestros y Padres de Sandoval (MAPAS) PTO es la organizaci\u00f3n de padres y maestros de Sandoval. MAPAS PTO ofrece un foro para todos los miembros de la comunidad de Sandoval que se centra en la educaci\u00f3n de los padres. Educamos, fortalecemos las relaciones de colaboraci\u00f3n, nos enfocamos en la equidad y construimos una comunidad culturalmente [&hellip;]<\/p>\n","protected":false},"author":2,"featured_media":563,"parent":72,"menu_order":0,"comment_status":"open","ping_status":"open","template":"","meta":[],"acf":[],"_links":{"self":[{"href":"https:\/\/sandoval.dpsk12.org\/es\/wp-json\/wp\/v2\/pages\/117"}],"collection":[{"href":"https:\/\/sandoval.dpsk12.org\/es\/wp-json\/wp\/v2\/pages"}],"about":[{"href":"https:\/\/sandoval.dpsk12.org\/es\/wp-json\/wp\/v2\/types\/page"}],"author":[{"embeddable":true,"href":"https:\/\/sandoval.dpsk12.org\/es\/wp-json\/wp\/v2\/users\/2"}],"replies":[{"embeddable":true,"href":"https:\/\/sandoval.dpsk12.org\/es\/wp-json\/wp\/v2\/comments?post=117"}],"version-history":[{"count":13,"href":"https:\/\/sandoval.dpsk12.org\/es\/wp-json\/wp\/v2\/pages\/117\/revisions"}],"predecessor-version":[{"id":15681,"href":"https:\/\/sandoval.dpsk12.org\/es\/wp-json\/wp\/v2\/pages\/117\/revisions\/15681"}],"up":[{"embeddable":true,"href":"https:\/\/sandoval.dpsk12.org\/es\/wp-json\/wp\/v2\/pages\/72"}],"wp:featuredmedia":[{"embeddable":true,"href":"https:\/\/sandoval.dpsk12.org\/es\/wp-json\/wp\/v2\/media\/563"}],"wp:attachment":[{"href":"https:\/\/sandoval.dpsk12.org\/es\/wp-json\/wp\/v2\/media?parent=117"}],"curies":[{"name":"wp","href":"https:\/\/api.w.org\/{rel}","templated":true}]}}