{"id":1142,"date":"2017-08-22T18:32:32","date_gmt":"2017-08-22T18:32:32","guid":{"rendered":"http:\/\/sandoval.dpsk12.org\/?page_id=1142"},"modified":"2017-08-22T18:32:32","modified_gmt":"2017-08-22T18:32:32","slug":"lunch-form-application","status":"publish","type":"page","link":"https:\/\/sandoval.dpsk12.org\/es\/lunch-form-application\/","title":{"rendered":"Forma para comida"},"content":{"rendered":"<p>MySchoolApps.com es un servicio de software para solicitudes en l\u00ednea, proporcionado a su distrito por Heartland School Solutions. Su distrito es responsable de proporcionar soporte para este servicio. Si tiene dudas o problemas con este servicio, por favor comun\u00edquese directamente con su distrito para obtener ayuda inmediata. Para obtener informaci\u00f3n de contacto de su distrito, puede visitar su sitio web p\u00fablico o la secci\u00f3n de AYUDA durante o despu\u00e9s del paso de selecci\u00f3n de distrito del proceso de solicitud.<\/p>\n<p><a href=\"https:\/\/www.myschoolapps.com\/Home\/PickDistrict#\">INICIAR SU SOLICITUD EN L\u00cdNEA<\/a><\/p>","protected":false},"excerpt":{"rendered":"<p>MySchoolApps.com es un servicio de software para solicitudes en l\u00ednea, proporcionado a su distrito por Heartland School Solutions. Su distrito es responsable de proporcionar soporte para este servicio. Si tiene dudas o problemas con este servicio, por favor comun\u00edquese directamente con su distrito para obtener ayuda inmediata. Para obtener informaci\u00f3n de contacto de su distrito, [&hellip;]<\/p>\n","protected":false},"author":5,"featured_media":0,"parent":0,"menu_order":0,"comment_status":"closed","ping_status":"closed","template":"","meta":[],"acf":[],"_links":{"self":[{"href":"https:\/\/sandoval.dpsk12.org\/es\/wp-json\/wp\/v2\/pages\/1142"}],"collection":[{"href":"https:\/\/sandoval.dpsk12.org\/es\/wp-json\/wp\/v2\/pages"}],"about":[{"href":"https:\/\/sandoval.dpsk12.org\/es\/wp-json\/wp\/v2\/types\/page"}],"author":[{"embeddable":true,"href":"https:\/\/sandoval.dpsk12.org\/es\/wp-json\/wp\/v2\/users\/5"}],"replies":[{"embeddable":true,"href":"https:\/\/sandoval.dpsk12.org\/es\/wp-json\/wp\/v2\/comments?post=1142"}],"version-history":[{"count":1,"href":"https:\/\/sandoval.dpsk12.org\/es\/wp-json\/wp\/v2\/pages\/1142\/revisions"}],"predecessor-version":[{"id":1143,"href":"https:\/\/sandoval.dpsk12.org\/es\/wp-json\/wp\/v2\/pages\/1142\/revisions\/1143"}],"wp:attachment":[{"href":"https:\/\/sandoval.dpsk12.org\/es\/wp-json\/wp\/v2\/media?parent=1142"}],"curies":[{"name":"wp","href":"https:\/\/api.w.org\/{rel}","templated":true}]}}