{"id":1137,"date":"2017-08-22T17:52:26","date_gmt":"2017-08-22T17:52:26","guid":{"rendered":"http:\/\/sandoval.dpsk12.org\/?page_id=1137"},"modified":"2017-08-22T17:52:26","modified_gmt":"2017-08-22T17:52:26","slug":"parent-handbook","status":"publish","type":"page","link":"https:\/\/sandoval.dpsk12.org\/es\/parents\/parent-handbook\/","title":{"rendered":"Manual para Padres"},"content":{"rendered":"<p>Hemos colaborado para producir este Manual para los Padres, porque nos sentimos perdidos los primeros d\u00edas, semanas y meses en la Academia Sandoval y nos gustar\u00eda hacer su transici\u00f3n a la comunidad de Sandoval m\u00e1s f\u00e1cil. Hemos dise\u00f1ado esta carpeta para proveerles informaci\u00f3n cr\u00edtica lo m\u00e1s pronto posible, limitar alguna informaci\u00f3n para no abrumar, y darles un lugar para poner informaci\u00f3n de la escuela en un futuro. Esperamos que lo encuentre \u00fatil, y nos gustar\u00eda cualquier sugerencia de c\u00f3mo mejorar las futuras versiones de este manual.<\/p>\n<p><a href=\"http:\/\/sandoval.dpsk12.org\/wp-content\/uploads\/2017\/08\/Sandoval_Parent-HandbookSPANISH.pdf\">Sandoval_Parent Handbook(SPANISH)<\/a><\/p>","protected":false},"excerpt":{"rendered":"<p>Hemos colaborado para producir este Manual para los Padres, porque nos sentimos perdidos los primeros d\u00edas, semanas y meses en la Academia Sandoval y nos gustar\u00eda hacer su transici\u00f3n a la comunidad de Sandoval m\u00e1s f\u00e1cil. Hemos dise\u00f1ado esta carpeta para proveerles informaci\u00f3n cr\u00edtica lo m\u00e1s pronto posible, limitar alguna informaci\u00f3n para no abrumar, y [&hellip;]<\/p>\n","protected":false},"author":5,"featured_media":0,"parent":72,"menu_order":0,"comment_status":"closed","ping_status":"closed","template":"","meta":[],"acf":[],"_links":{"self":[{"href":"https:\/\/sandoval.dpsk12.org\/es\/wp-json\/wp\/v2\/pages\/1137"}],"collection":[{"href":"https:\/\/sandoval.dpsk12.org\/es\/wp-json\/wp\/v2\/pages"}],"about":[{"href":"https:\/\/sandoval.dpsk12.org\/es\/wp-json\/wp\/v2\/types\/page"}],"author":[{"embeddable":true,"href":"https:\/\/sandoval.dpsk12.org\/es\/wp-json\/wp\/v2\/users\/5"}],"replies":[{"embeddable":true,"href":"https:\/\/sandoval.dpsk12.org\/es\/wp-json\/wp\/v2\/comments?post=1137"}],"version-history":[{"count":1,"href":"https:\/\/sandoval.dpsk12.org\/es\/wp-json\/wp\/v2\/pages\/1137\/revisions"}],"predecessor-version":[{"id":1140,"href":"https:\/\/sandoval.dpsk12.org\/es\/wp-json\/wp\/v2\/pages\/1137\/revisions\/1140"}],"up":[{"embeddable":true,"href":"https:\/\/sandoval.dpsk12.org\/es\/wp-json\/wp\/v2\/pages\/72"}],"wp:attachment":[{"href":"https:\/\/sandoval.dpsk12.org\/es\/wp-json\/wp\/v2\/media?parent=1137"}],"curies":[{"name":"wp","href":"https:\/\/api.w.org\/{rel}","templated":true}]}}