{"id":112,"date":"2015-06-17T20:44:38","date_gmt":"2015-06-17T20:44:38","guid":{"rendered":"http:\/\/cms.dpsk12.org\/schools\/sandoval\/?page_id=112"},"modified":"2025-06-05T15:15:37","modified_gmt":"2025-06-05T15:15:37","slug":"enrollment-registration","status":"publish","type":"page","link":"https:\/\/sandoval.dpsk12.org\/es\/parents\/enrollment-registration\/","title":{"rendered":"Inscripciones y Caracter\u00edsticas Demogr\u00e1ficas"},"content":{"rendered":"<p>Las Escuelas P\u00fablicas de Denver (DPS) ofrecen una amplia variedad de opciones de escuelas, desde las tradicionales escuelas perimetrales (denominadas tambi\u00e9n escuelas del vecindario) hasta las escuelas de enfoque especial (Magnet) y escuelas ch\u00e1rter.\u00a0La Oficina de Servicios de Opci\u00f3n e Inscripci\u00f3n (OCES) de DPS coordina todas las actividades relacionadas con asignar al estudiante a la escuela adecuada.<\/p>\n<p>Sandoval es una escuela de enfoque especial y no est\u00e1 restringida a aceptar estudiantes de una zona en particular. El ingreso a Sandoval se realiza por medio de una loter\u00eda a la que se accede a trav\u00e9s del proceso de solicitud de DPS. Desde agosto de 2001, esta escuela ofrece educaci\u00f3n Montessori de lenguaje dual. La escuela fue designada una escuela de enfoque especial para toda el \u00e1rea, donde los estudiantes de Trevista, Bryant Webster, Columbian y Valdez tienen prioridad en la inscripci\u00f3n y el transporte del distrito. La escuela incorpora a estudiantes desde tres a\u00f1os de edad hasta 6.\u00ba grado. Cuarenta por ciento de los ni\u00f1os hablan espa\u00f1ol y el sesenta por ciento restante, ingl\u00e9s.<\/p>\n<p>Las familias interesadas en inscribir a sus ni\u00f1os en Sandoval deben presentar sus solicitudes a trav\u00e9s del proceso EscojoMiEscuela.\u00a0Se recomienda a los padres interesados en inscribir a sus hijos en el programa de educaci\u00f3n preescolar de Sandoval que participen en la primera ronda de solicitudes del proceso de elecci\u00f3n. Para obtener m\u00e1s informaci\u00f3n, visite <u><a href=\"http:\/\/schoolchoice.dpsk12.org\/\" target=\"_blank\" rel=\"noopener\">schoolchoice.dpsk12.org<\/a><\/u><\/p>\n<p>Los formularios de EscojoMiEscuela para el a\u00f1o que viene est\u00e1n disponibles en Internet.\u00a0 Si tiene preguntas, llame a la oficina de EscojoMiEscuela de DPS al 720.423.3493 para educaci\u00f3n preescolar.<\/p>","protected":false},"excerpt":{"rendered":"<p>Las Escuelas P\u00fablicas de Denver (DPS) ofrecen una amplia variedad de opciones de escuelas, desde las tradicionales escuelas perimetrales (denominadas tambi\u00e9n escuelas del vecindario) hasta las escuelas de enfoque especial (Magnet) y escuelas ch\u00e1rter.\u00a0La Oficina de Servicios de Opci\u00f3n e Inscripci\u00f3n (OCES) de DPS coordina todas las actividades relacionadas con asignar al estudiante a la [&hellip;]<\/p>\n","protected":false},"author":2,"featured_media":540,"parent":72,"menu_order":0,"comment_status":"open","ping_status":"open","template":"","meta":[],"acf":[],"_links":{"self":[{"href":"https:\/\/sandoval.dpsk12.org\/es\/wp-json\/wp\/v2\/pages\/112"}],"collection":[{"href":"https:\/\/sandoval.dpsk12.org\/es\/wp-json\/wp\/v2\/pages"}],"about":[{"href":"https:\/\/sandoval.dpsk12.org\/es\/wp-json\/wp\/v2\/types\/page"}],"author":[{"embeddable":true,"href":"https:\/\/sandoval.dpsk12.org\/es\/wp-json\/wp\/v2\/users\/2"}],"replies":[{"embeddable":true,"href":"https:\/\/sandoval.dpsk12.org\/es\/wp-json\/wp\/v2\/comments?post=112"}],"version-history":[{"count":8,"href":"https:\/\/sandoval.dpsk12.org\/es\/wp-json\/wp\/v2\/pages\/112\/revisions"}],"predecessor-version":[{"id":15680,"href":"https:\/\/sandoval.dpsk12.org\/es\/wp-json\/wp\/v2\/pages\/112\/revisions\/15680"}],"up":[{"embeddable":true,"href":"https:\/\/sandoval.dpsk12.org\/es\/wp-json\/wp\/v2\/pages\/72"}],"wp:featuredmedia":[{"embeddable":true,"href":"https:\/\/sandoval.dpsk12.org\/es\/wp-json\/wp\/v2\/media\/540"}],"wp:attachment":[{"href":"https:\/\/sandoval.dpsk12.org\/es\/wp-json\/wp\/v2\/media?parent=112"}],"curies":[{"name":"wp","href":"https:\/\/api.w.org\/{rel}","templated":true}]}}