{"id":10630,"date":"2022-12-06T20:12:18","date_gmt":"2022-12-06T20:12:18","guid":{"rendered":"https:\/\/sandoval.dpsk12.org\/?page_id=10630"},"modified":"2025-11-10T17:35:29","modified_gmt":"2025-11-10T17:35:29","slug":"csc-minutes","status":"publish","type":"page","link":"https:\/\/sandoval.dpsk12.org\/es\/parents\/csc-minutes\/","title":{"rendered":"Notas de la R\u00e9union del CCE"},"content":{"rendered":"<p>Estimados padres constituyentes de Sandoval.<\/p>\n<p>Estamos pensando estrat\u00e9gicamente sobre c\u00f3mo involucramos a los padres, compartimos sus perspectivas y nos aseguramos de que se escuchen sus voces. As\u00ed, hemos implementado lo siguiente:<\/p>\n<ul>\n<li>Esta <a href=\"https:\/\/docs.google.com\/forms\/d\/1LF_Q1jAQpNW4yZbHewuWWRnbyu6WQAaplySCiW2Zuyc\/viewform?edit_requested=true#response=ACYDBNhnFiOJ9iyXO7mO2Feb5PhZ3JMnYN-S-v9V-yztkuCJvQJDW3kbBHaU0Eo0phmbWMg\">encuesta<\/a> sirve para agregar elementos de la agenda a considerar y proporcionar comentarios. Encontrar\u00e1 esta <a href=\"https:\/\/docs.google.com\/forms\/d\/1LF_Q1jAQpNW4yZbHewuWWRnbyu6WQAaplySCiW2Zuyc\/viewform?edit_requested=true#response=ACYDBNhnFiOJ9iyXO7mO2Feb5PhZ3JMnYN-S-v9V-yztkuCJvQJDW3kbBHaU0Eo0phmbWMg\">encuesta<\/a> en el mensaje de la directora.<\/li>\n<li>Ahora tambi\u00e9n presentaremos la &#8220;seccion de padres constituyentes&#8221; en el mensaje de la directora despu\u00e9s de nuestras reuniones de CCE para compartir un resumen de lo que estamos discutiendo junto con <a href=\"https:\/\/docs.google.com\/document\/d\/1BwcGVhOlYYQeuQyCP7s7VAhkCSAmXEgMX2jG0WhBZLw\/edit?usp=sharing\">las notas de la reuni\u00f3n de CCE<\/a>.<\/li>\n<\/ul>\n<p>En la reuni\u00f3n m\u00e1s reciente del CSC discutimos lo siguiente:<\/p>\n<ul>\n<li>Plan Unificado de Mejora de nuestra escuela:\n<ul>\n<li><strong>25-26 UIP #1:<\/strong> Estrategia Principal de Mejora. La instrucci\u00f3n basada en est\u00e1ndares dentro del sector Montessori\/Biling\u00fce\/P\u00fablico brinda a todos los estudiantes la mejor oportunidad de aprender contenido y habilidades de aprendizaje acordes a su nivel escolar desde el primer momento. Al agregar intencionalmente un cuarto per\u00edodo a la lecci\u00f3n de tres per\u00edodos, se permitir\u00e1 un mecanismo adicional para impulsar el desarrollo cognitivo de los estudiantes. Esto combina pr\u00e1cticas de ense\u00f1anza CRE, aprendizaje docente basado en la pr\u00e1ctica y la implementaci\u00f3n de est\u00e1ndares acad\u00e9micos y un curr\u00edculo de alta calidad. La instrucci\u00f3n eficaz basada en est\u00e1ndares fomenta las relaciones, satisface las necesidades de todos los estudiantes, crea relevancia y promueve la integraci\u00f3n del conocimiento, las experiencias y las habilidades necesarias para demostrar comprensi\u00f3n a trav\u00e9s de la capacidad de leer, escribir, comunicarse y pensar cr\u00edticamente en relaci\u00f3n con una disciplina espec\u00edfica.&lt;sup&gt;<\/li>\n<li><strong>24-25-UIP #2:<\/strong> Estrategia de Mejora Principal: La instrucci\u00f3n basada en datos dentro del sector Montessori\/Biling\u00fce\/P\u00fablico proporciona una ense\u00f1anza centrada en las necesidades de nuestros estudiantes mediante pr\u00e1cticas basadas en la evidencia, tanto a nivel de aula como de toda la escuela, con especial atenci\u00f3n a nuestros estudiantes multiling\u00fces y a los estudiantes con discapacidades.<\/li>\n<\/ul>\n<\/li>\n<li>Nuestra calificaci\u00f3n m\u00e1s reciente del Marco de Desempe\u00f1o Escolar (<a href=\"https:\/\/vimeo.com\/184409675?turnstile=0.RQnoQS_loM6DGTkzMB1nW6_u4Erry_kc0Kr0gz42VxeS-pfUB0J7dax96CISD4pk_oQ2YgNg78AcVDd6qCentbIQ01VpUDkfpQpm-K2JGelE1Ju7RSPMGzWNfXGRdDX6zzZIzwCNkfBv_Esoa2byfKnja56QJ42GwrhroDhM854mNU2KWtIQ-pTYZ812DRoRo99648ln689oKglYcMbjX3TwmhmxMHtbBcUIpI91bN2Ho335TWgzjpe7QocjZ_1rPIoE9VMnz0zzjwiAm9L_JqtPODkBI03pUsqHz1BIvgrCi6gklM3BPPKLTPiN-OmtegiEwI5ZTqOFWlpLKrA8rya0C_gz-7vecjvIObikGIZl31ccVguv1yY6j4xEeqgdCQbtp6OYwSijzl9kDSNF0-bjL26ziIN4qM2kWYDQ_UQbBGq0533ZGRpwI3Bta_yrgW66qSe87OY9rcqVuHETF_idqJyqhQuXxQgwRakbzDu9B25C2HR1QqJtE5IowHtisJHQJ5iY3Z1rvIvwWmyL96boVfQidYKxYjiypW220iYx48mkcqUfXEpW0LEZAAa2TsKL2_P4Ta7cCYi-RFsmMTBGx3o4dv45_838LKiOXFSMGuC6OFkwE9oHVVxapt--7HwJxUPNUBErgurH9-h029vwXbLF1a3yBfWIfFDNlb8o3mNIIJ1TaHqOvm4BjSICp_ntntlyyu1kSCynCHmbwal6T9h1F-BW3R5V2PRkVX6P3PcuaXKp3OhkkcWEphO5g_HeyzjNNEFW3blaIq0U-UeNQn-uNvdzs8GvB2Bdn1bTxRfWbP-gc0N9xar9kEo6DKqXOMmWdix9f7VFv2Yyfqlwa_jNP8zUH78HTrptu44bfUSxZinkjYqI0ZBQKSMl8ekjPmg_ErWuc253wWgodA.DKEDbPA4-4YwU5Xh7mJuZA.0e614e67ced55904269b35cbebedaabd2064527f90d75b00d615b5006bff7b0e\">Informe Escolar del Departamento de Educaci\u00f3n de Colorado<\/a>) es: Verde. Continuaremos analizando los posibles impactos de esta calificaci\u00f3n en la matr\u00edcula escolar, ya que muchos padres la consideran al buscar una escuela para sus hijos y familias.<\/li>\n<li>Por \u00faltimo, analizamos <strong>la matr\u00edcula actual y el impacto de las proyecciones y los datos reales en el presupuesto escolar<\/strong>. Los presupuestos anuales se basan en las cifras de matr\u00edcula proyectadas que se comparten con la escuela en enero del a\u00f1o escolar en curso. El presupuesto de este a\u00f1o se bas\u00f3 en una matr\u00edcula proyectada de 323 estudiantes desde k\u00ednder hasta sexto grado. Lamentablemente, este a\u00f1o no alcanzamos nuestra meta, con una matr\u00edcula total de 314 estudiantes desde k\u00ednder hasta sexto grado. <strong>Por lo tanto, les pedimos que difundan informaci\u00f3n sobre Sandoval y nos ayuden a lograr una matr\u00edcula s\u00f3lida.<\/strong><\/li>\n<\/ul>\n<p><a href=\"https:\/\/sandoval.dpsk12.org\/wp-content\/uploads\/2025\/11\/2025-2026Enrollment.png\"><img loading=\"lazy\" class=\"alignnone size-medium wp-image-17702\" src=\"https:\/\/sandoval.dpsk12.org\/wp-content\/uploads\/2025\/11\/2025-2026Enrollment-300x141.png\" alt=\"\" width=\"300\" height=\"141\" srcset=\"https:\/\/sandoval.dpsk12.org\/wp-content\/uploads\/2025\/11\/2025-2026Enrollment-300x141.png 300w, https:\/\/sandoval.dpsk12.org\/wp-content\/uploads\/2025\/11\/2025-2026Enrollment-1024x483.png 1024w, https:\/\/sandoval.dpsk12.org\/wp-content\/uploads\/2025\/11\/2025-2026Enrollment-768x362.png 768w, https:\/\/sandoval.dpsk12.org\/wp-content\/uploads\/2025\/11\/2025-2026Enrollment.png 1171w\" sizes=\"(max-width: 300px) 100vw, 300px\" \/><\/a><\/p>\n<p>En Comunidad y Educaci\u00f3n<\/p>\n<p>Padres Representantes del CCE:<\/p>\n<ul>\n<li style=\"font-weight: 400;\" aria-level=\"1\"><span style=\"font-weight: 400;\">Martha Perrusquia &#8211; Representante de espa\u00f1ol <a href=\"mailto:marthaperrusquia022679@gmail.com\">marthaperrusquia022679@gmail.com<\/a><\/span><\/li>\n<li aria-level=\"1\">Alba-Leea Campos Castro-Spanish parent representative\u00a0<a href=\"mailto:alba_leea_12@hotmail.com\">alba_leea_12@hotmail.com<\/a><\/li>\n<li style=\"font-weight: 400;\" aria-level=\"1\"><span style=\"font-weight: 400;\">Laura Brandt &#8211; Representante de ingles <a href=\"mailto:brandt_laura@yahoo.com\">brandt_laura@yahoo.com<\/a><\/span><\/li>\n<li style=\"font-weight: 400;\" aria-level=\"1\"><span style=\"font-weight: 400;\">Case Giacomelli &#8211; Representate de ingles <a href=\"mailto:casegiacomelli@gmail.com\">casegiacomelli@gmail.com<\/a><\/span><\/li>\n<\/ul>\n<p><\/p>","protected":false},"excerpt":{"rendered":"<p>Estimados padres constituyentes de Sandoval. Estamos pensando estrat\u00e9gicamente sobre c\u00f3mo involucramos a los padres, compartimos sus perspectivas y nos aseguramos de que se escuchen sus voces. As\u00ed, hemos implementado lo siguiente: Esta encuesta sirve para agregar elementos de la agenda a considerar y proporcionar comentarios. Encontrar\u00e1 esta encuesta en el mensaje de la directora. Ahora [&hellip;]<\/p>\n","protected":false},"author":1,"featured_media":0,"parent":72,"menu_order":0,"comment_status":"closed","ping_status":"closed","template":"","meta":[],"acf":[],"_links":{"self":[{"href":"https:\/\/sandoval.dpsk12.org\/es\/wp-json\/wp\/v2\/pages\/10630"}],"collection":[{"href":"https:\/\/sandoval.dpsk12.org\/es\/wp-json\/wp\/v2\/pages"}],"about":[{"href":"https:\/\/sandoval.dpsk12.org\/es\/wp-json\/wp\/v2\/types\/page"}],"author":[{"embeddable":true,"href":"https:\/\/sandoval.dpsk12.org\/es\/wp-json\/wp\/v2\/users\/1"}],"replies":[{"embeddable":true,"href":"https:\/\/sandoval.dpsk12.org\/es\/wp-json\/wp\/v2\/comments?post=10630"}],"version-history":[{"count":21,"href":"https:\/\/sandoval.dpsk12.org\/es\/wp-json\/wp\/v2\/pages\/10630\/revisions"}],"predecessor-version":[{"id":17710,"href":"https:\/\/sandoval.dpsk12.org\/es\/wp-json\/wp\/v2\/pages\/10630\/revisions\/17710"}],"up":[{"embeddable":true,"href":"https:\/\/sandoval.dpsk12.org\/es\/wp-json\/wp\/v2\/pages\/72"}],"wp:attachment":[{"href":"https:\/\/sandoval.dpsk12.org\/es\/wp-json\/wp\/v2\/media?parent=10630"}],"curies":[{"name":"wp","href":"https:\/\/api.w.org\/{rel}","templated":true}]}}