{"id":1012,"date":"2016-09-22T20:11:22","date_gmt":"2016-09-22T20:11:22","guid":{"rendered":"http:\/\/sandoval.dpsk12.org\/?page_id=1012"},"modified":"2016-09-22T20:56:20","modified_gmt":"2016-09-22T20:56:20","slug":"music-program","status":"publish","type":"page","link":"https:\/\/sandoval.dpsk12.org\/es\/academics\/music-program\/","title":{"rendered":"Programa de Musica"},"content":{"rendered":"<p>Mi nombre es Maritza Lynch y estoy muy emocionada de iniciar el a\u00f1o escolar 2016-2017 en Academia Sandoval. Este ser\u00e1 mi a\u00f1o 8 en DPS y mi 16 avo como maestra de m\u00fasica en lenguaje Kodaly y Orff-Schulwerk.<\/p>\n<p>ORFF-SCHULWERK es un m\u00e9todo de educaci\u00f3n musical creado por el compositor alem\u00e1n Carl Orff quien junto con el compositor Zolt\u00e1n Kodaly revolucionaron la educaci\u00f3n musical en el mundo. Es un enfoque de arte total e integrado que anima a los ni\u00f1os a ser participantes activos y creativos en el proceso de hacer m\u00fasica. Exploramos las culturas a trav\u00e9s de las canciones, danzas, y literatura. Nuestros ni\u00f1os cantan, act\u00faan, tocan instrumentos, componen y leen m\u00fasica.<\/p>\n<p><strong>LENGUAJE<\/strong><br \/>\nEn la clase de m\u00fasica ense\u00f1amos y nos comunicamos en el lenguaje de la semana.<\/p>\n<p><strong>OBSERVACIONES<\/strong><br \/>\nLas observaciones de la clase de m\u00fasica son programadas en Octubre y Febrero. Independientemente de estas fechas, por favor cont\u00e1cteme si usted est\u00e1 interesado en visitar nuestra clase.<\/p>\n<p><strong>REPORTES DE PROGRESO<\/strong><br \/>\nLos estudiantes de Kinder, Taller I y Taller II recibir\u00e1n reportes de progreso durante las fechas de entrega de evaluaciones. Los estudiantes son evaluados formal e informalmente en las habilidades apropiadas en las siguientes \u00e1reas: Esfuerzo y Participaci\u00f3n, Teor\u00eda musical y Composici\u00f3n; Desempe\u00f1o en Ensayos y Conciertos y Respeto por compa\u00f1eros, instrumentos y materiales musicales.<\/p>\n<p><strong>PARTICIPACI\u00d3N EN LOS CONCIERTOS<\/strong><br \/>\nLos estudiantes del 3er a\u00f1o de casa de ni\u00f1os y de Taller I participaran en un concierto durante el a\u00f1o, A los ni\u00f1os se les dar\u00e1n oportunidades de tener roles especiales (solistas o actores) en alternados turnos. Comportamiento, inter\u00e9s en participar y asistencia regular a las clases y ensayos son un factor dentro en la selecci\u00f3n de los roles y solistas. En cada concierto se representan cantos y cuentos populares de diferentes partes del mundo a trav\u00e9s de los cuales los ni\u00f1os exploran: geograf\u00eda, tradiciones, m\u00fasica y arte de diferentes culturas.<br \/>\nLos estudiantes de Taller II (4to-6to grado) seleccionar\u00e1n y participaran dentro de un ensamble musical durante el a\u00f1o escolar donde demostraran lo que han aprendido en la clase de m\u00fasica en el curso de cada semestre como parte de su evaluaci\u00f3n en el rubro de Ensayos y Conciertos del reporte de progreso. Pueden escoger entre unirse al Coro o la banda. Estos grupos preparan diferentes conciertos durante el a\u00f1o y el \u00fanico requerimiento para participar en estos ensambles es: tener una actitud positiva y pasarla bien!<\/p>\n<p><strong>GRACIAS A LA FUNDACI\u00d3N VH1 SAVE THE MUSIC ACADEMIA SANDOVAL ENSENA BANDA DURANTE EL HORARIO ESCOLAR Y TIENE INSTRUMENTOS PARA PRESTAR!<\/strong><br \/>\nTodos los estudiantes de 4TH -6th grados inscritos en el programa de banda pueden pedir prestado un instrumento y aprender a tocarlo! Solo necesitan estar comprometidos a practicar con el instrumento diariamente en casa por lo menos por 20 minutos. La banda tiene pr\u00e1cticas durante el horario escolar. Los estudiantes ensayan juntos y en ensambles en diferentes horas para poder recibir una instrucci\u00f3n en el instrumento de mayor calidad. (Leer el horario de pr\u00e1cticas de los grupos de instrumentos) Este a\u00f1o hemos ampliado la invitaci\u00f3n a los estudiantes de 3er grado para que participen en el ensamble de Instrumentos de Metal los Mi\u00e9rcoles 8:00-8:40am. Se espera que el estudiante trate el instrumento apropiadamente. Recuerde: Si el instrumento sufre da\u00f1o o se pierde este ser\u00e1 reemplazado por los padres del estudiante. Venga a visitarme si usted est\u00e1 interesado.<\/p>\n<p><strong>CORO DE ACADEMIA SANDOVAL<\/strong><br \/>\nEl Coro es un programa divertido y emocionante que dura todo el a\u00f1o donde los estudiantes desarrollan auto disciplina, t\u00e9cnica vocal y compromiso durante 40 minutos de activo entrenamiento coral. Todos los estudiantes de 2do- 6to grado est\u00e1n invitados a participar los Jueves de 7:55-8:40 a.m.<\/p>\n<p><strong>FORMAS DE REGISTRO<\/strong> para Banda y Coro fueron enviadas en la carpeta\u00a0de los mi\u00e9rcoles al inicio de Septiembre y tambi\u00e9n pueden ser halladas en el sal\u00f3n de m\u00fasica.<\/p>","protected":false},"excerpt":{"rendered":"<p>Mi nombre es Maritza Lynch y estoy muy emocionada de iniciar el a\u00f1o escolar 2016-2017 en Academia Sandoval. Este ser\u00e1 mi a\u00f1o 8 en DPS y mi 16 avo como maestra de m\u00fasica en lenguaje Kodaly y Orff-Schulwerk. ORFF-SCHULWERK es un m\u00e9todo de educaci\u00f3n musical creado por el compositor alem\u00e1n Carl Orff quien junto con [&hellip;]<\/p>\n","protected":false},"author":5,"featured_media":0,"parent":68,"menu_order":1,"comment_status":"closed","ping_status":"closed","template":"","meta":[],"acf":[],"_links":{"self":[{"href":"https:\/\/sandoval.dpsk12.org\/es\/wp-json\/wp\/v2\/pages\/1012"}],"collection":[{"href":"https:\/\/sandoval.dpsk12.org\/es\/wp-json\/wp\/v2\/pages"}],"about":[{"href":"https:\/\/sandoval.dpsk12.org\/es\/wp-json\/wp\/v2\/types\/page"}],"author":[{"embeddable":true,"href":"https:\/\/sandoval.dpsk12.org\/es\/wp-json\/wp\/v2\/users\/5"}],"replies":[{"embeddable":true,"href":"https:\/\/sandoval.dpsk12.org\/es\/wp-json\/wp\/v2\/comments?post=1012"}],"version-history":[{"count":7,"href":"https:\/\/sandoval.dpsk12.org\/es\/wp-json\/wp\/v2\/pages\/1012\/revisions"}],"predecessor-version":[{"id":1035,"href":"https:\/\/sandoval.dpsk12.org\/es\/wp-json\/wp\/v2\/pages\/1012\/revisions\/1035"}],"up":[{"embeddable":true,"href":"https:\/\/sandoval.dpsk12.org\/es\/wp-json\/wp\/v2\/pages\/68"}],"wp:attachment":[{"href":"https:\/\/sandoval.dpsk12.org\/es\/wp-json\/wp\/v2\/media?parent=1012"}],"curies":[{"name":"wp","href":"https:\/\/api.w.org\/{rel}","templated":true}]}}